{"id":547,"date":"2024-02-06T15:51:32","date_gmt":"2024-02-06T15:51:32","guid":{"rendered":"https:\/\/etaputkari.fi\/?page_id=547"},"modified":"2024-03-13T12:06:11","modified_gmt":"2024-03-13T10:06:11","slug":"privacy","status":"publish","type":"page","link":"https:\/\/etaputkari.fi\/en\/privacy\/","title":{"rendered":"Data protection"},"content":{"rendered":"<style>.kb-row-layout-id547_fe10c3-14 > .kt-row-column-wrap{align-content:start;}:where(.kb-row-layout-id547_fe10c3-14 > .kt-row-column-wrap) > .wp-block-kadence-column{justify-content:start;}.kb-row-layout-id547_fe10c3-14 > .kt-row-column-wrap{column-gap:var(--global-kb-gap-lg, 4rem);row-gap:var(--global-kb-gap-md, 2rem);max-width:1400px;margin-left:auto;margin-right:auto;padding-top:var(--global-kb-spacing-xl, 4rem);grid-template-columns:repeat(2, minmax(0, 1fr));}.kb-row-layout-id547_fe10c3-14 > .kt-row-layout-overlay{opacity:0.30;}@media all and (max-width: 1024px){.kb-row-layout-id547_fe10c3-14 > .kt-row-column-wrap{grid-template-columns:repeat(2, minmax(0, 1fr));}}@media all and (max-width: 767px){.kb-row-layout-id547_fe10c3-14 > .kt-row-column-wrap{grid-template-columns:minmax(0, 1fr);}}<\/style><div class=\"kb-row-layout-wrap kb-row-layout-id547_fe10c3-14 alignnone wp-block-kadence-rowlayout\"><div class=\"kt-row-column-wrap kt-has-2-columns kt-row-layout-equal kt-tab-layout-inherit kt-mobile-layout-row kt-row-valign-top\">\n<style>.kadence-column547_616c1c-f1 > .kt-inside-inner-col,.kadence-column547_616c1c-f1 > .kt-inside-inner-col:before{border-top-left-radius:0px;border-top-right-radius:0px;border-bottom-right-radius:0px;border-bottom-left-radius:0px;}.kadence-column547_616c1c-f1 > .kt-inside-inner-col{column-gap:var(--global-kb-gap-sm, 1rem);}.kadence-column547_616c1c-f1 > .kt-inside-inner-col{flex-direction:column;}.kadence-column547_616c1c-f1 > .kt-inside-inner-col > .aligncenter{width:100%;}.kadence-column547_616c1c-f1 > .kt-inside-inner-col:before{opacity:0.3;}.kadence-column547_616c1c-f1{position:relative;}@media all and (max-width: 1024px){.kadence-column547_616c1c-f1 > .kt-inside-inner-col{flex-direction:column;justify-content:center;}}@media all and (max-width: 767px){.kadence-column547_616c1c-f1 > .kt-inside-inner-col{flex-direction:column;justify-content:center;}}<\/style>\n<div class=\"wp-block-kadence-column kadence-column547_616c1c-f1\"><div class=\"kt-inside-inner-col\"><style>.wp-block-kadence-advancedheading.kt-adv-heading547_767faa-55, .wp-block-kadence-advancedheading.kt-adv-heading547_767faa-55[data-kb-block=\"kb-adv-heading547_767faa-55\"]{font-style:normal;}.wp-block-kadence-advancedheading.kt-adv-heading547_767faa-55 mark.kt-highlight, .wp-block-kadence-advancedheading.kt-adv-heading547_767faa-55[data-kb-block=\"kb-adv-heading547_767faa-55\"] mark.kt-highlight{font-style:normal;color:#f76a0c;-webkit-box-decoration-break:clone;box-decoration-break:clone;padding-top:0px;padding-right:0px;padding-bottom:0px;padding-left:0px;}.wp-block-kadence-advancedheading.kt-adv-heading547_767faa-55 img.kb-inline-image, .wp-block-kadence-advancedheading.kt-adv-heading547_767faa-55[data-kb-block=\"kb-adv-heading547_767faa-55\"] img.kb-inline-image{width:150px;vertical-align:baseline;}@media all and (max-width: 767px){.wp-block-kadence-advancedheading.kt-adv-heading547_767faa-55, .wp-block-kadence-advancedheading.kt-adv-heading547_767faa-55[data-kb-block=\"kb-adv-heading547_767faa-55\"]{font-size:var(--global-kb-font-size-xl, 3rem);}}<\/style>\n<h1 class=\"kt-adv-heading547_767faa-55 wp-block-kadence-advancedheading\" data-kb-block=\"kb-adv-heading547_767faa-55\">Tietosuoja<\/h1>\n\n\n\n<p>Tervetuloa Et\u00e4putkari verkkokaupan tietosuojaselvitykseen! T\u00e4ss\u00e4 kerromme, miten k\u00e4sittelemme tietojasi ja huolehdimme yksityisyydest\u00e4si.<\/p>\n<h2>Asiakastiedot<\/h2>\n<p>Kun teet tilauksen Et\u00e4putkari verkkokaupassa, luomme sinulle asiakastilin ja ker\u00e4\u00e4mme tarvittavat tiedot toimitusta varten. Olemme huolellisia ja pitk\u00e4aikaisia yst\u00e4vi\u00e4 luottamuksellisuuden kanssa, joten tietojasi k\u00e4sitell\u00e4\u00e4n turvallisesti.\u00a0<\/p>\n<h2>Maksutiedot<\/h2>\n<p>Maksut suoritetaan luottokortilla Stripe-palvelun kautta. \u00c4l\u00e4 huoli, emme saa haltuumme koko luottokorttinumeroasi, vain perustiedot tarvittavaa kuukausittaista laskutusta varten.<\/p>\n<\/div><\/div>\n\n\n<style>.kadence-column547_ded89c-b1 > .kt-inside-inner-col{display:flex;}.kadence-column547_ded89c-b1 > .kt-inside-inner-col,.kadence-column547_ded89c-b1 > .kt-inside-inner-col:before{border-top-left-radius:0px;border-top-right-radius:0px;border-bottom-right-radius:0px;border-bottom-left-radius:0px;}.kadence-column547_ded89c-b1 > .kt-inside-inner-col{column-gap:var(--global-kb-gap-sm, 1rem);}.kadence-column547_ded89c-b1 > .kt-inside-inner-col{flex-direction:column;justify-content:center;}.kadence-column547_ded89c-b1 > .kt-inside-inner-col > .aligncenter{width:100%;}.kt-row-column-wrap > .kadence-column547_ded89c-b1{align-self:center;}.kt-inner-column-height-full:not(.kt-has-1-columns) > .wp-block-kadence-column.kadence-column547_ded89c-b1{align-self:auto;}.kt-inner-column-height-full:not(.kt-has-1-columns) > .wp-block-kadence-column.kadence-column547_ded89c-b1 > .kt-inside-inner-col{flex-direction:column;justify-content:center;}.kadence-column547_ded89c-b1 > .kt-inside-inner-col:before{opacity:0.3;}.kadence-column547_ded89c-b1{position:relative;}@media all and (max-width: 1024px){.kt-row-column-wrap > .kadence-column547_ded89c-b1{align-self:center;}}@media all and (max-width: 1024px){.kt-inner-column-height-full:not(.kt-has-1-columns) > .wp-block-kadence-column.kadence-column547_ded89c-b1{align-self:auto;}}@media all and (max-width: 1024px){.kt-inner-column-height-full:not(.kt-has-1-columns) > .wp-block-kadence-column.kadence-column547_ded89c-b1 > .kt-inside-inner-col{flex-direction:column;justify-content:center;}}@media all and (max-width: 1024px){.kadence-column547_ded89c-b1 > .kt-inside-inner-col{flex-direction:column;justify-content:center;}}@media all and (max-width: 767px){.kt-row-column-wrap > .kadence-column547_ded89c-b1{align-self:center;}.kt-inner-column-height-full:not(.kt-has-1-columns) > .wp-block-kadence-column.kadence-column547_ded89c-b1{align-self:auto;}.kt-inner-column-height-full:not(.kt-has-1-columns) > .wp-block-kadence-column.kadence-column547_ded89c-b1 > .kt-inside-inner-col{flex-direction:column;justify-content:center;}.kadence-column547_ded89c-b1 > .kt-inside-inner-col{flex-direction:column;justify-content:center;}}<\/style>\n<div class=\"wp-block-kadence-column kadence-column547_ded89c-b1\"><div class=\"kt-inside-inner-col\"><style>.kb-image547_baa991-41 .kb-image-has-overlay:after{opacity:0.3;}<\/style>\n<figure class=\"wp-block-kadence-image kb-image547_baa991-41 size-large\"><img loading=\"lazy\" decoding=\"async\" width=\"1024\" height=\"938\" src=\"https:\/\/etaputkari.fi\/wp-content\/uploads\/2023\/11\/etaputkari-1-1024x938.png\" alt=\"\" class=\"kb-img wp-image-307\" srcset=\"https:\/\/etaputkari.fi\/wp-content\/uploads\/2023\/11\/etaputkari-1-1024x938.png 1024w, https:\/\/etaputkari.fi\/wp-content\/uploads\/2023\/11\/etaputkari-1-300x275.png 300w, https:\/\/etaputkari.fi\/wp-content\/uploads\/2023\/11\/etaputkari-1-768x703.png 768w, https:\/\/etaputkari.fi\/wp-content\/uploads\/2023\/11\/etaputkari-1-13x12.png 13w, https:\/\/etaputkari.fi\/wp-content\/uploads\/2023\/11\/etaputkari-1.png 1105w\" sizes=\"auto, (max-width: 1024px) 100vw, 1024px\" \/><\/figure>\n<\/div><\/div>\n\n<\/div><\/div>\n\n<style>.kb-row-layout-id547_688ba1-ff > .kt-row-column-wrap{align-content:start;}:where(.kb-row-layout-id547_688ba1-ff > .kt-row-column-wrap) > .wp-block-kadence-column{justify-content:start;}.kb-row-layout-id547_688ba1-ff > .kt-row-column-wrap{column-gap:var(--global-kb-gap-lg, 4rem);row-gap:var(--global-kb-gap-md, 2rem);max-width:1400px;margin-left:auto;margin-right:auto;padding-top:var(--global-kb-spacing-md, 2rem);padding-bottom:var(--global-kb-spacing-3xl, 6.5rem);grid-template-columns:repeat(2, minmax(0, 1fr));}.kb-row-layout-id547_688ba1-ff > .kt-row-layout-overlay{opacity:0.30;}@media all and (max-width: 1024px){.kb-row-layout-id547_688ba1-ff > .kt-row-column-wrap{grid-template-columns:repeat(2, minmax(0, 1fr));}}@media all and (max-width: 767px){.kb-row-layout-id547_688ba1-ff > .kt-row-column-wrap{grid-template-columns:minmax(0, 1fr);}}<\/style><div class=\"kb-row-layout-wrap kb-row-layout-id547_688ba1-ff alignnone wp-block-kadence-rowlayout\"><div class=\"kt-row-column-wrap kt-has-2-columns kt-row-layout-equal kt-tab-layout-inherit kt-mobile-layout-row kt-row-valign-top\">\n<style>.kadence-column547_928ccd-88 > .kt-inside-inner-col,.kadence-column547_928ccd-88 > .kt-inside-inner-col:before{border-top-left-radius:0px;border-top-right-radius:0px;border-bottom-right-radius:0px;border-bottom-left-radius:0px;}.kadence-column547_928ccd-88 > .kt-inside-inner-col{column-gap:var(--global-kb-gap-sm, 1rem);}.kadence-column547_928ccd-88 > .kt-inside-inner-col{flex-direction:column;}.kadence-column547_928ccd-88 > .kt-inside-inner-col > .aligncenter{width:100%;}.kadence-column547_928ccd-88 > .kt-inside-inner-col:before{opacity:0.3;}.kadence-column547_928ccd-88{position:relative;}@media all and (max-width: 1024px){.kadence-column547_928ccd-88 > .kt-inside-inner-col{flex-direction:column;justify-content:center;}}@media all and (max-width: 767px){.kadence-column547_928ccd-88 > .kt-inside-inner-col{flex-direction:column;justify-content:center;}}<\/style>\n<div class=\"wp-block-kadence-column kadence-column547_928ccd-88\"><div class=\"kt-inside-inner-col\">\n<h2>Ev\u00e4steet<\/h2>\n<p>K\u00e4yt\u00e4mme ev\u00e4steit\u00e4 ainoastaan sivuston k\u00e4vij\u00e4mittaukseen. Ne auttavat meit\u00e4 ymm\u00e4rt\u00e4m\u00e4\u00e4n, miten verkkokauppamme toimii ja miten voimme parantaa sit\u00e4.<\/p>\n<h2>Asiakasrekisteri<\/h2>\n<p>Asiakastiedot tallennetaan verkkopalveluumme, tyypillisesti WordPressiin. Voit pyyt\u00e4\u00e4 tietojesi poistamista milloin tahansa, ja normaalisti poistamme tiedot tilauksen perumisen j\u00e4lkeen.<\/p>\n<\/div><\/div>\n\n\n<style>.kadence-column547_a53d1a-d6 > .kt-inside-inner-col{display:flex;}.kadence-column547_a53d1a-d6 > .kt-inside-inner-col,.kadence-column547_a53d1a-d6 > .kt-inside-inner-col:before{border-top-left-radius:0px;border-top-right-radius:0px;border-bottom-right-radius:0px;border-bottom-left-radius:0px;}.kadence-column547_a53d1a-d6 > .kt-inside-inner-col{column-gap:var(--global-kb-gap-sm, 1rem);}.kadence-column547_a53d1a-d6 > .kt-inside-inner-col{flex-direction:column;justify-content:flex-start;}.kadence-column547_a53d1a-d6 > .kt-inside-inner-col > .aligncenter{width:100%;}.kt-row-column-wrap > .kadence-column547_a53d1a-d6{align-self:flex-start;}.kt-inner-column-height-full:not(.kt-has-1-columns) > .wp-block-kadence-column.kadence-column547_a53d1a-d6{align-self:auto;}.kt-inner-column-height-full:not(.kt-has-1-columns) > .wp-block-kadence-column.kadence-column547_a53d1a-d6 > .kt-inside-inner-col{flex-direction:column;justify-content:flex-start;}.kadence-column547_a53d1a-d6 > .kt-inside-inner-col:before{opacity:0.3;}.kadence-column547_a53d1a-d6{position:relative;}@media all and (max-width: 1024px){.kt-row-column-wrap > .kadence-column547_a53d1a-d6{align-self:flex-start;}}@media all and (max-width: 1024px){.kt-inner-column-height-full:not(.kt-has-1-columns) > .wp-block-kadence-column.kadence-column547_a53d1a-d6{align-self:auto;}}@media all and (max-width: 1024px){.kt-inner-column-height-full:not(.kt-has-1-columns) > .wp-block-kadence-column.kadence-column547_a53d1a-d6 > .kt-inside-inner-col{flex-direction:column;justify-content:flex-start;}}@media all and (max-width: 1024px){.kadence-column547_a53d1a-d6 > .kt-inside-inner-col{flex-direction:column;justify-content:flex-start;}}@media all and (max-width: 767px){.kt-row-column-wrap > .kadence-column547_a53d1a-d6{align-self:flex-start;}.kt-inner-column-height-full:not(.kt-has-1-columns) > .wp-block-kadence-column.kadence-column547_a53d1a-d6{align-self:auto;}.kt-inner-column-height-full:not(.kt-has-1-columns) > .wp-block-kadence-column.kadence-column547_a53d1a-d6 > .kt-inside-inner-col{flex-direction:column;justify-content:flex-start;}.kadence-column547_a53d1a-d6 > .kt-inside-inner-col{flex-direction:column;justify-content:flex-start;}}<\/style>\n<div class=\"wp-block-kadence-column kadence-column547_a53d1a-d6\"><div class=\"kt-inside-inner-col\">\n<h2>Toimitus<\/h2>\n<p>Tilauksesi toimitetaan kirjeitse Suomessa. Emme jaa tietojasi kolmansille osapuolille ilman suostumustasi.<\/p>\n<h2>Yhteenveto<\/h2>\n<p>Et\u00e4putkari verkkokauppa pit\u00e4\u00e4 huolta tietosuojastasi ja k\u00e4sittelee tietojasi luottamuksellisesti. Jos sinulla on kysytt\u00e4v\u00e4\u00e4 tai haluat tarkastaa, mit\u00e4 tietojasi meill\u00e4 on, ota rohkeasti yhteytt\u00e4 <a href=\"mailto:info@etaputkari.fi\"><span style=\"font-weight: 400;\">info@etaputkari.fi<\/span><\/a>.<\/p>\n<p>Kiitos, kun valitsit Et\u00e4putkarin<\/p>\n<\/div><\/div>\n\n<\/div><\/div>","protected":false},"excerpt":{"rendered":"<p>Tietosuoja Tervetuloa Et\u00e4putkari verkkokaupan tietosuojaselvitykseen! T\u00e4ss\u00e4 kerromme, miten k\u00e4sittelemme tietojasi ja huolehdimme yksityisyydest\u00e4si. Asiakastiedot Kun teet tilauksen Et\u00e4putkari verkkokaupassa, luomme sinulle asiakastilin ja ker\u00e4\u00e4mme tarvittavat tiedot toimitusta varten. Olemme huolellisia ja pitk\u00e4aikaisia yst\u00e4vi\u00e4 luottamuksellisuuden kanssa, joten tietojasi k\u00e4sitell\u00e4\u00e4n turvallisesti.\u00a0 Maksutiedot Maksut suoritetaan luottokortilla Stripe-palvelun kautta. \u00c4l\u00e4 huoli, emme saa haltuumme koko luottokorttinumeroasi, vain perustiedot tarvittavaa&#8230;<\/p>","protected":false},"author":1,"featured_media":0,"parent":0,"menu_order":0,"comment_status":"closed","ping_status":"closed","template":"","meta":{"_kad_post_transparent":"","_kad_post_title":"hide","_kad_post_layout":"","_kad_post_sidebar_id":"","_kad_post_content_style":"","_kad_post_vertical_padding":"","_kad_post_feature":"","_kad_post_feature_position":"","_kad_post_header":false,"_kad_post_footer":false,"_kad_post_classname":"","footnotes":""},"class_list":["post-547","page","type-page","status-publish","hentry"],"_links":{"self":[{"href":"https:\/\/etaputkari.fi\/en\/wp-json\/wp\/v2\/pages\/547","targetHints":{"allow":["GET"]}}],"collection":[{"href":"https:\/\/etaputkari.fi\/en\/wp-json\/wp\/v2\/pages"}],"about":[{"href":"https:\/\/etaputkari.fi\/en\/wp-json\/wp\/v2\/types\/page"}],"author":[{"embeddable":true,"href":"https:\/\/etaputkari.fi\/en\/wp-json\/wp\/v2\/users\/1"}],"replies":[{"embeddable":true,"href":"https:\/\/etaputkari.fi\/en\/wp-json\/wp\/v2\/comments?post=547"}],"version-history":[{"count":2,"href":"https:\/\/etaputkari.fi\/en\/wp-json\/wp\/v2\/pages\/547\/revisions"}],"predecessor-version":[{"id":652,"href":"https:\/\/etaputkari.fi\/en\/wp-json\/wp\/v2\/pages\/547\/revisions\/652"}],"wp:attachment":[{"href":"https:\/\/etaputkari.fi\/en\/wp-json\/wp\/v2\/media?parent=547"}],"curies":[{"name":"wp","href":"https:\/\/api.w.org\/{rel}","templated":true}]}}