{"id":5,"date":"2023-10-04T07:25:38","date_gmt":"2023-10-04T07:25:38","guid":{"rendered":"https:\/\/etaputkari.fi\/?page_id=5"},"modified":"2024-05-12T12:56:03","modified_gmt":"2024-05-12T10:56:03","slug":"terms","status":"publish","type":"page","link":"https:\/\/etaputkari.fi\/en\/terms\/","title":{"rendered":"Terms of use"},"content":{"rendered":"<style>.kb-row-layout-id5_b88d7d-b2 > .kt-row-column-wrap{align-content:start;}:where(.kb-row-layout-id5_b88d7d-b2 > .kt-row-column-wrap) > .wp-block-kadence-column{justify-content:start;}.kb-row-layout-id5_b88d7d-b2 > .kt-row-column-wrap{column-gap:var(--global-kb-gap-lg, 4rem);row-gap:var(--global-kb-gap-md, 2rem);max-width:1400px;margin-left:auto;margin-right:auto;padding-top:var(--global-kb-spacing-xl, 4rem);grid-template-columns:repeat(2, minmax(0, 1fr));}.kb-row-layout-id5_b88d7d-b2 > .kt-row-layout-overlay{opacity:0.30;}@media all and (max-width: 1024px){.kb-row-layout-id5_b88d7d-b2 > .kt-row-column-wrap{grid-template-columns:repeat(2, minmax(0, 1fr));}}@media all and (max-width: 767px){.kb-row-layout-id5_b88d7d-b2 > .kt-row-column-wrap{grid-template-columns:minmax(0, 1fr);}.kb-row-layout-id5_b88d7d-b2 > .kt-row-column-wrap > .wp-block-kadence-column:nth-child(1 of *:not(style)){order:2;}.kb-row-layout-id5_b88d7d-b2 > .kt-row-column-wrap > .wp-block-kadence-column:nth-child(2 of *:not(style)){order:1;}.kb-row-layout-id5_b88d7d-b2 > .kt-row-column-wrap > .wp-block-kadence-column:nth-child(3 of *:not(style)){order:12;}.kb-row-layout-id5_b88d7d-b2 > .kt-row-column-wrap > .wp-block-kadence-column:nth-child(4 of *:not(style)){order:11;}.kb-row-layout-id5_b88d7d-b2 > .kt-row-column-wrap > .wp-block-kadence-column:nth-child(5 of *:not(style)){order:22;}.kb-row-layout-id5_b88d7d-b2 > .kt-row-column-wrap > .wp-block-kadence-column:nth-child(6 of *:not(style)){order:21;}.kb-row-layout-id5_b88d7d-b2 > .kt-row-column-wrap > .wp-block-kadence-column:nth-child(7 of *:not(style)){order:32;}.kb-row-layout-id5_b88d7d-b2 > .kt-row-column-wrap > .wp-block-kadence-column:nth-child(8 of *:not(style)){order:31;}}<\/style><div class=\"kb-row-layout-wrap kb-row-layout-id5_b88d7d-b2 alignnone wp-block-kadence-rowlayout\"><div class=\"kt-row-column-wrap kt-has-2-columns kt-row-layout-equal kt-tab-layout-inherit kt-mobile-layout-row kt-row-valign-top\">\n<style>.kadence-column5_4a7490-95 > .kt-inside-inner-col{display:flex;}.kadence-column5_4a7490-95 > .kt-inside-inner-col,.kadence-column5_4a7490-95 > .kt-inside-inner-col:before{border-top-left-radius:0px;border-top-right-radius:0px;border-bottom-right-radius:0px;border-bottom-left-radius:0px;}.kadence-column5_4a7490-95 > .kt-inside-inner-col{column-gap:var(--global-kb-gap-sm, 1rem);}.kadence-column5_4a7490-95 > .kt-inside-inner-col{flex-direction:column;justify-content:center;}.kadence-column5_4a7490-95 > .kt-inside-inner-col > .aligncenter{width:100%;}.kt-row-column-wrap > .kadence-column5_4a7490-95{align-self:center;}.kt-inner-column-height-full:not(.kt-has-1-columns) > .wp-block-kadence-column.kadence-column5_4a7490-95{align-self:auto;}.kt-inner-column-height-full:not(.kt-has-1-columns) > .wp-block-kadence-column.kadence-column5_4a7490-95 > .kt-inside-inner-col{flex-direction:column;justify-content:center;}.kadence-column5_4a7490-95 > .kt-inside-inner-col:before{opacity:0.3;}.kadence-column5_4a7490-95{position:relative;}@media all and (max-width: 1024px){.kt-row-column-wrap > .kadence-column5_4a7490-95{align-self:center;}}@media all and (max-width: 1024px){.kt-inner-column-height-full:not(.kt-has-1-columns) > .wp-block-kadence-column.kadence-column5_4a7490-95{align-self:auto;}}@media all and (max-width: 1024px){.kt-inner-column-height-full:not(.kt-has-1-columns) > .wp-block-kadence-column.kadence-column5_4a7490-95 > .kt-inside-inner-col{flex-direction:column;justify-content:center;}}@media all and (max-width: 1024px){.kadence-column5_4a7490-95 > .kt-inside-inner-col{flex-direction:column;justify-content:center;}}@media all and (max-width: 767px){.kt-row-column-wrap > .kadence-column5_4a7490-95{align-self:center;}.kt-inner-column-height-full:not(.kt-has-1-columns) > .wp-block-kadence-column.kadence-column5_4a7490-95{align-self:auto;}.kt-inner-column-height-full:not(.kt-has-1-columns) > .wp-block-kadence-column.kadence-column5_4a7490-95 > .kt-inside-inner-col{flex-direction:column;justify-content:center;}.kadence-column5_4a7490-95 > .kt-inside-inner-col{flex-direction:column;justify-content:center;}}<\/style>\n<div class=\"wp-block-kadence-column kadence-column5_4a7490-95\"><div class=\"kt-inside-inner-col\"><style>.kb-image5_46f3e3-00 .kb-image-has-overlay:after{opacity:0.3;}<\/style>\n<figure class=\"wp-block-kadence-image kb-image5_46f3e3-00 size-full\"><img loading=\"lazy\" decoding=\"async\" width=\"800\" height=\"806\" src=\"https:\/\/etaputkari.fi\/wp-content\/uploads\/2023\/11\/Mira.png\" alt=\"\" class=\"kb-img wp-image-312\" srcset=\"https:\/\/etaputkari.fi\/wp-content\/uploads\/2023\/11\/Mira.png 800w, https:\/\/etaputkari.fi\/wp-content\/uploads\/2023\/11\/Mira-298x300.png 298w, https:\/\/etaputkari.fi\/wp-content\/uploads\/2023\/11\/Mira-150x150.png 150w, https:\/\/etaputkari.fi\/wp-content\/uploads\/2023\/11\/Mira-768x774.png 768w, https:\/\/etaputkari.fi\/wp-content\/uploads\/2023\/11\/Mira-12x12.png 12w\" sizes=\"auto, (max-width: 800px) 100vw, 800px\" \/><\/figure>\n<\/div><\/div>\n\n\n<style>.kadence-column5_f2b4d6-fa > .kt-inside-inner-col{display:flex;}.kadence-column5_f2b4d6-fa > .kt-inside-inner-col,.kadence-column5_f2b4d6-fa > .kt-inside-inner-col:before{border-top-left-radius:0px;border-top-right-radius:0px;border-bottom-right-radius:0px;border-bottom-left-radius:0px;}.kadence-column5_f2b4d6-fa > .kt-inside-inner-col{column-gap:var(--global-kb-gap-sm, 1rem);}.kadence-column5_f2b4d6-fa > .kt-inside-inner-col{flex-direction:column;justify-content:center;}.kadence-column5_f2b4d6-fa > .kt-inside-inner-col > .aligncenter{width:100%;}.kt-row-column-wrap > .kadence-column5_f2b4d6-fa{align-self:center;}.kt-inner-column-height-full:not(.kt-has-1-columns) > .wp-block-kadence-column.kadence-column5_f2b4d6-fa{align-self:auto;}.kt-inner-column-height-full:not(.kt-has-1-columns) > .wp-block-kadence-column.kadence-column5_f2b4d6-fa > .kt-inside-inner-col{flex-direction:column;justify-content:center;}.kadence-column5_f2b4d6-fa > .kt-inside-inner-col:before{opacity:0.3;}.kadence-column5_f2b4d6-fa{position:relative;}@media all and (max-width: 1024px){.kt-row-column-wrap > .kadence-column5_f2b4d6-fa{align-self:center;}}@media all and (max-width: 1024px){.kt-inner-column-height-full:not(.kt-has-1-columns) > .wp-block-kadence-column.kadence-column5_f2b4d6-fa{align-self:auto;}}@media all and (max-width: 1024px){.kt-inner-column-height-full:not(.kt-has-1-columns) > .wp-block-kadence-column.kadence-column5_f2b4d6-fa > .kt-inside-inner-col{flex-direction:column;justify-content:center;}}@media all and (max-width: 1024px){.kadence-column5_f2b4d6-fa > .kt-inside-inner-col{flex-direction:column;justify-content:center;}}@media all and (max-width: 767px){.kt-row-column-wrap > .kadence-column5_f2b4d6-fa{align-self:center;}.kt-inner-column-height-full:not(.kt-has-1-columns) > .wp-block-kadence-column.kadence-column5_f2b4d6-fa{align-self:auto;}.kt-inner-column-height-full:not(.kt-has-1-columns) > .wp-block-kadence-column.kadence-column5_f2b4d6-fa > .kt-inside-inner-col{flex-direction:column;justify-content:center;}.kadence-column5_f2b4d6-fa > .kt-inside-inner-col{flex-direction:column;justify-content:center;}}<\/style>\n<div class=\"wp-block-kadence-column kadence-column5_f2b4d6-fa\"><div class=\"kt-inside-inner-col\"><style>.wp-block-kadence-advancedheading.kt-adv-heading5_0e8014-53, .wp-block-kadence-advancedheading.kt-adv-heading5_0e8014-53[data-kb-block=\"kb-adv-heading5_0e8014-53\"]{font-style:normal;}.wp-block-kadence-advancedheading.kt-adv-heading5_0e8014-53 mark.kt-highlight, .wp-block-kadence-advancedheading.kt-adv-heading5_0e8014-53[data-kb-block=\"kb-adv-heading5_0e8014-53\"] mark.kt-highlight{font-style:normal;color:#f76a0c;-webkit-box-decoration-break:clone;box-decoration-break:clone;padding-top:0px;padding-right:0px;padding-bottom:0px;padding-left:0px;}.wp-block-kadence-advancedheading.kt-adv-heading5_0e8014-53 img.kb-inline-image, .wp-block-kadence-advancedheading.kt-adv-heading5_0e8014-53[data-kb-block=\"kb-adv-heading5_0e8014-53\"] img.kb-inline-image{width:150px;vertical-align:baseline;}@media all and (max-width: 767px){.wp-block-kadence-advancedheading.kt-adv-heading5_0e8014-53, .wp-block-kadence-advancedheading.kt-adv-heading5_0e8014-53[data-kb-block=\"kb-adv-heading5_0e8014-53\"]{font-size:var(--global-kb-font-size-xl, 3rem);}}<\/style>\n<h1 class=\"kt-adv-heading5_0e8014-53 wp-block-kadence-advancedheading\" data-kb-block=\"kb-adv-heading5_0e8014-53\">K\u00e4ytt\u00f6ehdot<\/h1>\n\n\n\n<h2>Verkkokaupan kuvaus<\/h2>\n<p>Tervetuloa Et\u00e4putkari verkkokaupaan! Tarjoamme viem\u00e4reiden tukkeutumisen est\u00e4miseksi Et\u00e4putkari palvelua jossa l\u00e4het\u00e4mme kuukausitilauksella uudet viem\u00e4ritikut kirjekuoressa toimitusosoitteeseen Suomessa.\u00a0<\/p>\n<p>Verkkokaupan osoite on <a href=\"https:\/\/etaputkari.fi\">https:\/\/etaputkari.fi<\/a> ja s\u00e4hk\u00f6postiosoiteemme on <a href=\"mailto:info@etaputkari.fi\"><span style=\"font-weight: 400;\">info@etaputkari.fi<\/span><\/a><\/p>\n<h2>Tilauksen tekeminen<\/h2>\n<p>Valitset tilauslomakkeella kuinka moneen viem\u00e4riin haluat meid\u00e4n toimittavan kuukausittain viem\u00e4ritikut. Sy\u00f6t\u00e4t toimitusosoitteen ja tietosi asiakastilin perustamista varten.\u00a0<\/p>\n<h2>K\u00e4ytt\u00f6ehtojen hyv\u00e4ksyminen<\/h2>\n<p>Linkki n\u00e4ihin k\u00e4ytt\u00f6ehtoihin on tilauslomakkeessa ja tilauksen tekem\u00e4ll\u00e4 hyv\u00e4ksyt n\u00e4m\u00e4 k\u00e4ytt\u00f6ehdot.\u00a0<\/p>\n<\/div><\/div>\n\n<\/div><\/div>\n\n<style>.kb-row-layout-id5_398842-1f > .kt-row-column-wrap{align-content:start;}:where(.kb-row-layout-id5_398842-1f > .kt-row-column-wrap) > .wp-block-kadence-column{justify-content:start;}.kb-row-layout-id5_398842-1f > .kt-row-column-wrap{column-gap:var(--global-kb-gap-lg, 4rem);row-gap:var(--global-kb-gap-md, 2rem);max-width:1400px;margin-left:auto;margin-right:auto;padding-top:var(--global-kb-spacing-xxl, 5rem);padding-bottom:var(--global-kb-spacing-3xl, 6.5rem);grid-template-columns:repeat(2, minmax(0, 1fr));}.kb-row-layout-id5_398842-1f > .kt-row-layout-overlay{opacity:0.30;}@media all and (max-width: 1024px){.kb-row-layout-id5_398842-1f > .kt-row-column-wrap{grid-template-columns:repeat(2, minmax(0, 1fr));}}@media all and (max-width: 767px){.kb-row-layout-id5_398842-1f > .kt-row-column-wrap{grid-template-columns:minmax(0, 1fr);}}<\/style><div class=\"kb-row-layout-wrap kb-row-layout-id5_398842-1f alignnone wp-block-kadence-rowlayout\"><div class=\"kt-row-column-wrap kt-has-2-columns kt-row-layout-equal kt-tab-layout-inherit kt-mobile-layout-row kt-row-valign-top\">\n<style>.kadence-column5_635ac3-7f > .kt-inside-inner-col,.kadence-column5_635ac3-7f > .kt-inside-inner-col:before{border-top-left-radius:0px;border-top-right-radius:0px;border-bottom-right-radius:0px;border-bottom-left-radius:0px;}.kadence-column5_635ac3-7f > .kt-inside-inner-col{column-gap:var(--global-kb-gap-sm, 1rem);}.kadence-column5_635ac3-7f > .kt-inside-inner-col{flex-direction:column;}.kadence-column5_635ac3-7f > .kt-inside-inner-col > .aligncenter{width:100%;}.kadence-column5_635ac3-7f > .kt-inside-inner-col:before{opacity:0.3;}.kadence-column5_635ac3-7f{position:relative;}@media all and (max-width: 1024px){.kadence-column5_635ac3-7f > .kt-inside-inner-col{flex-direction:column;justify-content:center;}}@media all and (max-width: 767px){.kadence-column5_635ac3-7f > .kt-inside-inner-col{flex-direction:column;justify-content:center;}}<\/style>\n<div class=\"wp-block-kadence-column kadence-column5_635ac3-7f\"><div class=\"kt-inside-inner-col\">\n<h2>Maksaminen<\/h2>\n<p>Maksut suoritetaan luottokortilla Stripe-palvelun kautta. \u00c4l\u00e4 huoli, emme saa haltuumme koko luottokorttinumeroasi, vain perustiedot tarvittavaa kuukausittaista laskutusta varten.<\/p>\n<p>Maksamisess\u00e4 k\u00e4ytet\u00e4\u00e4n vahvaa tunnistautumista pankkitunnuksilla. Maksun vastaanottajana WWW.HARJU.AI.<\/p>\n<h2>Tilauksen peruminen<\/h2>\n<p>Tilauksen yhteydess\u00e4 luomme sinulle oman tilin jolla p\u00e4\u00e4see Oma sivulle. Perut tilauksesi painamalla sivun PERU TILAUKSENI nappia, kun olet viel\u00e4 vahvistanut t\u00e4m\u00e4n niin saat vahvistuksen tilauksen perumisesta.<\/p>\n<p>Huomaa ett\u00e4 tarvitsemme viikon k\u00e4sittelyaikaa ennen seuraavaa toimitusjaksoa eli toivomme ett\u00e4 katkaiset tilauksen hyviss\u00e4 ajoin.<\/p>\n<h2><strong>Toimitus<\/strong><\/h2>\n<p>Toimitamme tilauksesi Suomessa kirjeitse.<br \/>Toimitusaika vaihtelee, mutta pyrimme l\u00e4hett\u00e4m\u00e4\u00e4n tilaukset mahdollisimman pian.<br \/>Asiakkaan tulee antaa tarkka toimitusosoite tilauksen yhteydess\u00e4.<\/p>\n<h2>Palautukset<\/h2>\n<p>Ota meihin yhteytt\u00e4 <a href=\"mailto:info@etaputkari.fi\">info@etaputkari.fi<\/a> aloittaaksesi palautusprosessin.<\/p>\n<p>Olet velvollinen maksamaan omat toimituskulut tuotteen palauttamiseksi. Kun palautus on vastaanotettu ja tarkastettu, l\u00e4het\u00e4mme sinulle s\u00e4hk\u00f6postin, jossa ilmoitamme, ett\u00e4 olemme vastaanottaneet palautetun tuotteen. Ilmoitamme sinulle my\u00f6s, jos hyvityksesi on hyv\u00e4ksytty tai hyl\u00e4tty.<\/p>\n<p>Jos hyvitys hyv\u00e4ksyt\u00e4\u00e4n, hyvityksesi k\u00e4sitell\u00e4\u00e4n ja hyvitys lis\u00e4t\u00e4\u00e4n automaattisesti luottokorttiisi tai alkuper\u00e4iseen maksutapaasi muutaman p\u00e4iv\u00e4n kuluessa.<\/p>\n<\/div><\/div>\n\n\n<style>.kadence-column5_93d040-b3 > .kt-inside-inner-col{display:flex;}.kadence-column5_93d040-b3 > .kt-inside-inner-col,.kadence-column5_93d040-b3 > .kt-inside-inner-col:before{border-top-left-radius:0px;border-top-right-radius:0px;border-bottom-right-radius:0px;border-bottom-left-radius:0px;}.kadence-column5_93d040-b3 > .kt-inside-inner-col{column-gap:var(--global-kb-gap-sm, 1rem);}.kadence-column5_93d040-b3 > .kt-inside-inner-col{flex-direction:column;justify-content:flex-start;}.kadence-column5_93d040-b3 > .kt-inside-inner-col > .aligncenter{width:100%;}.kt-row-column-wrap > .kadence-column5_93d040-b3{align-self:flex-start;}.kt-inner-column-height-full:not(.kt-has-1-columns) > .wp-block-kadence-column.kadence-column5_93d040-b3{align-self:auto;}.kt-inner-column-height-full:not(.kt-has-1-columns) > .wp-block-kadence-column.kadence-column5_93d040-b3 > .kt-inside-inner-col{flex-direction:column;justify-content:flex-start;}.kadence-column5_93d040-b3 > .kt-inside-inner-col:before{opacity:0.3;}.kadence-column5_93d040-b3{position:relative;}@media all and (max-width: 1024px){.kt-row-column-wrap > .kadence-column5_93d040-b3{align-self:flex-start;}}@media all and (max-width: 1024px){.kt-inner-column-height-full:not(.kt-has-1-columns) > .wp-block-kadence-column.kadence-column5_93d040-b3{align-self:auto;}}@media all and (max-width: 1024px){.kt-inner-column-height-full:not(.kt-has-1-columns) > .wp-block-kadence-column.kadence-column5_93d040-b3 > .kt-inside-inner-col{flex-direction:column;justify-content:flex-start;}}@media all and (max-width: 1024px){.kadence-column5_93d040-b3 > .kt-inside-inner-col{flex-direction:column;justify-content:flex-start;}}@media all and (max-width: 767px){.kt-row-column-wrap > .kadence-column5_93d040-b3{align-self:flex-start;}.kt-inner-column-height-full:not(.kt-has-1-columns) > .wp-block-kadence-column.kadence-column5_93d040-b3{align-self:auto;}.kt-inner-column-height-full:not(.kt-has-1-columns) > .wp-block-kadence-column.kadence-column5_93d040-b3 > .kt-inside-inner-col{flex-direction:column;justify-content:flex-start;}.kadence-column5_93d040-b3 > .kt-inside-inner-col{flex-direction:column;justify-content:flex-start;}}<\/style>\n<div class=\"wp-block-kadence-column kadence-column5_93d040-b3\"><div class=\"kt-inside-inner-col\">\n<h2>Tietosuoja<\/h2>\n<p>K\u00e4sittelemme asiakastietoja luottamuksellisesti. Lis\u00e4tietoa tietosuojak\u00e4yt\u00e4nn\u00f6st\u00e4mme.<\/p>\n<h2>Immateriaalioikeudet<\/h2>\n<p>Omistamme kaikki oikeudet verkkosivustomme sis\u00e4lt\u00f6\u00f6n, mukaan lukien tekij\u00e4noikeudet ja tavaramerkit.<\/p>\n<h2>Vastuunrajoitus<\/h2>\n<p>Emme ole vastuussa tuotteiden mahdollisista vahingoista tai virheist\u00e4, jotka johtuvat kuljetuksesta tai asiakkaan huolimattomuudesta.<\/p>\n<h2>K\u00e4ytt\u00f6ehtojen muutokset<\/h2>\n<p>Pid\u00e4t\u00e4mme oikeuden muuttaa n\u00e4it\u00e4 k\u00e4ytt\u00f6ehtoja tarvittaessa. Asiakkaat informoidaan mahdollisista muutoksista verkkosivustollamme.<\/p>\n<h2>Riitojen ratkaisu<\/h2>\n<p>Mahdolliset riidat pyrit\u00e4\u00e4n ratkaisemaan ensisijaisesti neuvotteluin ja sovittelulla. Mik\u00e4li sovintoon ei p\u00e4\u00e4st\u00e4, riidat k\u00e4sitell\u00e4\u00e4n Suomen lains\u00e4\u00e4d\u00e4nn\u00f6n mukaisesti.<\/p>\n<h2>Yhteystiedot<\/h2>\n<p>Jos sinulla on kysytt\u00e4v\u00e4\u00e4 tai haluat tarkennuksia k\u00e4ytt\u00f6ehtoihin, ota rohkeasti yhteytt\u00e4 <a href=\"mailto:info@etaputkari.fi\">info@etaputkari.fi<\/a>.<\/p>\n<\/div><\/div>\n\n<\/div><\/div>","protected":false},"excerpt":{"rendered":"<p>K\u00e4ytt\u00f6ehdot Verkkokaupan kuvaus Tervetuloa Et\u00e4putkari verkkokaupaan! Tarjoamme viem\u00e4reiden tukkeutumisen est\u00e4miseksi Et\u00e4putkari palvelua jossa l\u00e4het\u00e4mme kuukausitilauksella uudet viem\u00e4ritikut kirjekuoressa toimitusosoitteeseen Suomessa.\u00a0 Verkkokaupan osoite on https:\/\/etaputkari.fi ja s\u00e4hk\u00f6postiosoiteemme on info@etaputkari.fi Tilauksen tekeminen Valitset tilauslomakkeella kuinka moneen viem\u00e4riin haluat meid\u00e4n toimittavan kuukausittain viem\u00e4ritikut. Sy\u00f6t\u00e4t toimitusosoitteen ja tietosi asiakastilin perustamista varten.\u00a0 K\u00e4ytt\u00f6ehtojen hyv\u00e4ksyminen Linkki n\u00e4ihin k\u00e4ytt\u00f6ehtoihin on tilauslomakkeessa ja&#8230;<\/p>","protected":false},"author":1,"featured_media":0,"parent":0,"menu_order":0,"comment_status":"closed","ping_status":"closed","template":"","meta":{"_kad_post_transparent":"","_kad_post_title":"hide","_kad_post_layout":"","_kad_post_sidebar_id":"","_kad_post_content_style":"","_kad_post_vertical_padding":"","_kad_post_feature":"","_kad_post_feature_position":"","_kad_post_header":false,"_kad_post_footer":false,"_kad_post_classname":"","footnotes":""},"class_list":["post-5","page","type-page","status-publish","hentry"],"_links":{"self":[{"href":"https:\/\/etaputkari.fi\/en\/wp-json\/wp\/v2\/pages\/5","targetHints":{"allow":["GET"]}}],"collection":[{"href":"https:\/\/etaputkari.fi\/en\/wp-json\/wp\/v2\/pages"}],"about":[{"href":"https:\/\/etaputkari.fi\/en\/wp-json\/wp\/v2\/types\/page"}],"author":[{"embeddable":true,"href":"https:\/\/etaputkari.fi\/en\/wp-json\/wp\/v2\/users\/1"}],"replies":[{"embeddable":true,"href":"https:\/\/etaputkari.fi\/en\/wp-json\/wp\/v2\/comments?post=5"}],"version-history":[{"count":32,"href":"https:\/\/etaputkari.fi\/en\/wp-json\/wp\/v2\/pages\/5\/revisions"}],"predecessor-version":[{"id":665,"href":"https:\/\/etaputkari.fi\/en\/wp-json\/wp\/v2\/pages\/5\/revisions\/665"}],"wp:attachment":[{"href":"https:\/\/etaputkari.fi\/en\/wp-json\/wp\/v2\/media?parent=5"}],"curies":[{"name":"wp","href":"https:\/\/api.w.org\/{rel}","templated":true}]}}